{"id":2882,"date":"2025-09-08T09:30:52","date_gmt":"2025-09-08T07:30:52","guid":{"rendered":"https:\/\/footiqo.com\/?page_id=2882"},"modified":"2026-02-26T17:01:25","modified_gmt":"2026-02-26T16:01:25","slug":"por-liga","status":"publish","type":"page","link":"https:\/\/footiqo.com\/es\/estadisticas\/equipos\/goles\/por-liga\/","title":{"rendered":"Equipo &#8211; Estad\u00edsticas de Goles \u2013 Buscar por Liga"},"content":{"rendered":"\n<p class=\"fq-teams-lead\">\n Explora las estad\u00edsticas de goles por equipo seg\u00fan la liga, con tablas completas para cada competici\u00f3n. Simplemente selecciona un pa\u00eds y una liga a continuaci\u00f3n para acceder a los resultados actualizados de goles por equipo, incluyendo datos de partidos en tiempo completo, primera parte y segunda parte.  <br><br> Se est\u00e1n a\u00f1adiendo nuevas ligas de forma regular, as\u00ed que vuelve con frecuencia para ver los \u00faltimos mercados y competiciones. Todas las estad\u00edsticas de f\u00fatbol aqu\u00ed son completamente gratuitas y se actualizan continuamente, lo que facilita comparar el rendimiento de los equipos en distintos torneos y encontrar la informaci\u00f3n que necesitas para el an\u00e1lisis o las apuestas. \n<\/p>\n\n\n\n<style>\n.fq-selector-wrap{max-width:620px;margin:0 auto;padding:28px 0 40px}\n.fq-selector-form{display:flex;flex-direction:column;gap:18px;}\n.fq-selector-fields{display:flex;flex-wrap:wrap;gap:16px;}\n.fq-selector-label{font-weight:600;color:#064E3B;margin-bottom:4px;}\n.fq-selector-select{min-width:160px;padding:9px 8px;font-size:1rem;border-radius:8px;border:1px solid #B6E4DA;background:#E6F3F3;color:#064E3B;}\n.fq-selector-btn{padding:10px 20px;border-radius:8px;background:#064E3B;color:#fff;font-weight:600;border:none;cursor:pointer;transition:background .2s;}\n.fq-selector-btn:hover{background:#fff; color:#064E3B; border:1.5px solid #064E3B;}\n<\/style>\n\n\n\n<section class=\"fq-selector-wrap\" aria-labelledby=\"leagues-selector\">\n  <h2 id=\"leagues-selector\">Seleccionar Liga por Pa\u00eds<\/h2>\n  <form id=\"leagueSelectForm-goals\" class=\"fq-selector-form\">\n    <div class=\"fq-selector-fields\">\n      <div>\n        <label class=\"fq-selector-label\" for=\"countrySelect-goals\">Pa\u00eds<\/label><br\/>\n        <select id=\"countrySelect-goals\" name=\"countrySelect\" class=\"fq-selector-select\">\n          <option value=\"\">Seleccionar&#8230;<\/option>\n          <option value=\"europe\">Europa<\/option>\n          <option value=\"england\">Inglaterra<\/option>\n          <option value=\"spain\">Espa\u00f1a<\/option>\n          <option value=\"germany\">Alemania<\/option>\n          <option value=\"italy\">Italia<\/option>\n          <option value=\"france\">Francia<\/option>\n          <option value=\"netherlands\">Pa\u00edses Bajos<\/option>\n         <option value=\"turkey\">Turqu\u00eda<\/option>\n         <option value=\"usa\">USA<\/option>\n        <\/select>\n      <\/div>\n      <div>\n        <label class=\"fq-selector-label\" for=\"leagueSelect-goals\">Liga<\/label><br\/>\n        <select id=\"leagueSelect-goals\" name=\"leagueSelect\" class=\"fq-selector-select\">\n          <option value=\"\">Selecciona primero un pa\u00eds<\/option>\n        <\/select>\n      <\/div>\n    <\/div>\n    <button type=\"submit\" class=\"fq-selector-btn\" style=\"margin-top:8px\">Ir a Estad\u00edsticas<\/button>\n  <\/form>\n<\/section>\n\n\n\n<script>\n(function(){\nconst leagues = {\neurope: [{ name:'Champions League', value:'champions-league', url:'https:\/\/footiqo.com\/es\/estadisticas\/equipos\/goles\/tiempo-completo-europa-champions-league\/' },\n{ name:'Europa League', value:'europa-league', url:'https:\/\/footiqo.com\/es\/estadisticas\/equipos\/goles\/tiempo-completo-europa-europa-league\/' },\n{ name:'Conference League', value:'conference-league', url:'https:\/\/footiqo.com\/es\/estadisticas\/equipos\/goles\/tiempo-completo-europa-conference-league\/' }\n],\nengland: [{ name:'Premier League', value:'premier-league', url:'https:\/\/footiqo.com\/es\/estadisticas\/equipos\/goles\/tiempo-completo-inglaterra-premier-league\/' },\n{ name:'Championship', value:'championship', url:'https:\/\/footiqo.com\/es\/estadisticas\/equipos\/inglaterra-championship\/#full-time-goals' }\n],\nspain: [{ name:'LaLiga', value:'laliga', url:'https:\/\/footiqo.com\/es\/estadisticas\/equipos\/goles\/tiempo-completo-espana-laliga\/' }],\ngermany: [{ name:'Bundesliga', value:'bundesliga', url:'https:\/\/footiqo.com\/es\/estadisticas\/equipos\/goles\/tiempo-completo-alemania-bundesliga\/' }],\nitaly: [{ name:'Serie A', value:'serie-a', url:'https:\/\/footiqo.com\/es\/estadisticas\/equipos\/goles\/tiempo-completo-italia-serie-a\/' }],\nfrance: [{ name:'Ligue 1', value:'ligue-1', url:'https:\/\/footiqo.com\/es\/estadisticas\/equipos\/goles\/tiempo-completo-francia-ligue-1\/' }],\nnetherlands: [{ name:'Eredivisie', value:'eredivisie', url:'https:\/\/footiqo.com\/es\/estadisticas\/equipos\/paises-bajos-eredivisie\/#full-time-goals' }],\nturkey: [{ name:'Super Lig', value:'super-lig', url:'https:\/\/footiqo.com\/es\/estadisticas\/equipos\/turquia-super-lig\/#full-time-goals' }],\nusa: [{ name:'MLS', value:'mls', url:'https:\/\/footiqo.com\/es\/estadisticas\/equipos\/usa-mls\/#full-time-goals' }]\n};\n\n const countrySel = document.getElementById('countrySelect-goals');\nconst leagueSel = document.getElementById('leagueSelect-goals');\nconst form = document.getElementById('leagueSelectForm-goals');\n\n function renderLeagues(){\nconst c = countrySel.value;\nleagueSel.innerHTML = '';\nif(!c || !leagues[c]) {\nleagueSel.innerHTML = '<option value=\"\">Select a country first';\nreturn;\n}\nleagues[c].forEach(l => {\nconst opt = document.createElement('option');\nopt.value = l.value;\nopt.textContent = l.name;\nleagueSel.appendChild(opt);\n});\n}\n\n countrySel.addEventListener('change', renderLeagues);\n\n form.addEventListener('submit', function(e){\ne.preventDefault();\nconst c = countrySel.value;\nconst v = leagueSel.value;\nif(c && v && leagues[c]){\nconst found = leagues[c].find(x => x.value === v);\nif(found && found.url) window.location.href = found.url;\n}\n});\n\n \/\/ Preview \u00fatil en editor\nif (document.body.classList.contains('block-editor-page')) {\ncountrySel.value = 'europe'; renderLeagues(); leagueSel.value = 'champions-league';\n}\n})();\n<\/script>\n\n\n\n<!-- Bloque 12: More Statistics (site-wide) -->\n<section style=\"margin:0 auto 24px auto;padding-bottom:16px;border-bottom:1px solid #e8ecec;\">\n  <h2 style=\"font-size:24px;color:#004d4d;margin:0 0 10px 0;\">M\u00e1s Estad\u00edsticas<\/h2>\n  <div class=\"more-stats\" style=\"display:flex;flex-wrap:wrap;gap:10px;\">\n     <a href=\"\/es\/?page_id=1788\" style=\"flex:1 1 180px;text-align:center;text-decoration:none;background:#F0FFE6; color:#3D6600;padding:12px 14px;border-radius:10px;font-weight:600;border:1px solid #C7F7A1;\">\nEstad\u00edsticas Equipo\n<\/a>\n<a href=\"\/es\/?page_id=1889\" style=\"flex:1 1 180px;text-align:center;text-decoration:none;background:#E6FFFA;color:#0F766E;padding:12px 14px;border-radius:10px;font-weight:600;border:1px solid #99F6E4;\">\nEstad\u00edsticas Liga\n<\/a>\n<a href=\"\/es\/?page_id=1976\" style=\"flex:1 1 180px;text-align:center;text-decoration:none;background:#E9FCEB;color:#1F5F2E;padding:12px 14px;border-radius:10px;font-weight:600;border:1px solid #C7F9CD;\">\nEstad\u00edsticas \u00c1rbitro\n<\/a>\n<!--<a href=\"\/es\/?page_id=2053\" style=\"flex:1 1 180px;text-align:center;text-decoration:none;background:#F2F5F7;color:#102A43;padding:12px 14px;border-radius:10px;font-weight:600;border:1px solid #D8E1E8;\">\nEstad\u00edsticas Entrenador<\/a> -->\n  <\/div>\n<\/section>\n\n<style>\n  .more-stats a {\n    transition: transform .06s ease, background-color .2s ease, box-shadow .2s ease;\n  }\n  .more-stats a:hover {\n    transform: translateY(-1px);\n    box-shadow: 0 4px 10px rgba(0,0,0,.06);\n  }\n<\/style>\n\n\n\n<!-- Bloque 11: CTA azul con separador inferior -- (1px) -->\n<div style=\"padding-bottom:16px;border-bottom:1px solid #e8ecec;margin:0 auto 40px auto;\">\n  <section style=\"padding:16px;background:#E0F2F2;border-radius:12px;text-align:center;\">\n    <p style=\"margin:0 0 10px 0;font-weight:700;color:#004d4d;font-size:18px;\">\u00bfTe gustan estas estad\u00edsticas?<\/p>\n    <p style=\"margin:0 0 12px 0;font-size:16px;\">Si lo encuentras \u00fatil, comp\u00e1rtelo con tus amigos o conocidos en redes sociales.<\/p>\n\n    <div class=\"share-cta\" style=\"display:flex;gap:8px;justify-content:center;flex-wrap:wrap;\">\n      <a data-network=\"facebook\" href=\"#\" target=\"_blank\" rel=\"noopener nofollow\" style=\"text-decoration:none;border:1px solid #004d4d;color:#004d4d;padding:8px 12px;border-radius:8px;\">Facebook<\/a>\n<a data-network=\"x\" href=\"#\" target=\"_blank\" rel=\"noopener nofollow\" style=\"text-decoration:none;border:1px solid #004d4d;color:#004d4d;padding:8px 12px;border-radius:8px;\">Twitter\/X<\/a>\n<a data-network=\"reddit\" href=\"#\" target=\"_blank\" rel=\"noopener nofollow\" style=\"text-decoration:none;border:1px solid #004d4d;color:#004d4d;padding:8px 12px;border-radius:8px;\">Reddit<\/a>\n    <\/div>\n  <\/section>\n<\/div>\n\n<script>\ndocument.addEventListener('DOMContentLoaded', function () {\n  const shareLinks = document.querySelectorAll('.share-cta a');\n  const pageTitle = encodeURIComponent(document.title);\n  const pageUrl = encodeURIComponent(window.location.href);\n\n  shareLinks.forEach(link => {\n    link.addEventListener('click', function (e) {\n      e.preventDefault();\n      const network = this.dataset.network;\n      let shareUrl = '';\n\n      switch (network) {\n        case 'facebook':\n          shareUrl = `https:\/\/www.facebook.com\/sharer\/sharer.php?u=${pageUrl}&quote=${pageTitle}`;\n          break;\n        case 'x':\n          shareUrl = `https:\/\/twitter.com\/intent\/tweet?text=${pageTitle}&url=${pageUrl}`;\n          break;\n        case 'reddit':\n          shareUrl = `https:\/\/www.reddit.com\/submit?url=${pageUrl}&title=${pageTitle}`;\n          break;\n      }\n\n      if (shareUrl) {\n        window.open(shareUrl, '_blank', 'width=600,height=500');\n      }\n    });\n  });\n});\n<\/script>\n\n\n\n<!-- Bloque 13: Contact Us con separador inferior (1px) -->\n<section id=\"contact\" style=\"margin:24px auto;padding-bottom:16px;border-bottom:1px solid #e8ecec;\">\n  <div class=\"contact-cta\" style=\"background:#F2F7F7;border:1px solid #CCE7E7;border-radius:12px;padding:16px 18px;display:flex;flex-wrap:wrap;align-items:center;gap:12px;justify-content:space-between;\">\n    <div style=\"flex:1 1 320px;min-width:260px;\">\n      <h2 style=\"margin:0 0 6px 0;color:#004d4d;font-size:22px;\">Cont\u00e1ctanos<\/h2>\n      <p style=\"margin:0;color:#0F3B3B;font-size:16px;line-height:1.5;\">\n Si tienes alguna pregunta o quieres que a\u00f1adamos ligas o mercados de apuestas espec\u00edficos,\npor favor cont\u00e1ctanos a trav\u00e9s de nuestro <a href=\"\/es\/?page_id=1771\" style=\"color:#0F766E;\">formulario de contacto<\/a>\no env\u00edanos un correo electr\u00f3nico a <a href=\"mailto:support@footiqo.com\" style=\"color:#0F766E;\">support@footiqo.com<\/a>.\nTe responderemos lo antes posible.\n      <\/p>\n    <\/div>\n    <div class=\"contact-buttons\" style=\"flex:0 0 auto;display:flex;gap:10px;\">\n<a href=\"\/es\/?page_id=1771\" class=\"btn-contact\">Abrir formulario de contacto<\/a>\n<a href=\"mailto:support@footiqo.com\" style=\"display:inline-block;padding:10px 14px;border-radius:8px;background:#E6FFFA;color:#0F766E;text-decoration:none;font-weight:600;border:1px solid #99F6E4;\">Env\u00edanos un correo<\/a>\n    <\/div>\n  <\/div>\n<\/section>\n\n<style>\n  .contact-cta a {\n    transition: transform .06s ease, background-color .2s ease, box-shadow .2s ease;\n  }\n  .contact-cta a:hover {\n    transform: translateY(-1px);\n    box-shadow: 0 4px 10px rgba(0,0,0,.06);\n  }\n\n  .btn-contact{\n    display:inline-block;padding:10px 14px;border-radius:8px;\n    background:#064E3B;color:#fff;text-decoration:none;font-weight:600;\n    border:1px solid #064E3B;           \/* deja el borde siempre para que no \u201csalte\u201d *\/\n    transition:background .2s ease,color .2s ease,border-color .2s ease;\n  }\n  .btn-contact:hover{\n    background:#fff; color:#064E3B;     \/* invertido *\/\n    border-color:#064E3B;\n  }\n\n  \/* Ajuste responsive para m\u00f3vil *\/\n  @media (max-width: 600px) {\n    .contact-cta {\n      flex-direction: column;\n      align-items: flex-start;\n    }\n    .contact-buttons {\n      flex-direction: column;\n      width: 100%;\n      gap: 8px;\n    }\n    .contact-buttons a {\n      width: 100%;\n      text-align: center;\n    }\n  }\n<\/style>\n","protected":false},"excerpt":{"rendered":"<p>Explora las estad\u00edsticas de goles por equipo seg\u00fan la liga, con tablas completas para cada competici\u00f3n. Simplemente selecciona un pa\u00eds y una liga a continuaci\u00f3n para acceder a los resultados actualizados de goles por equipo, incluyendo datos de partidos en tiempo completo, primera parte y segunda parte. Se est\u00e1n a\u00f1adiendo nuevas ligas de forma regular,&#8230;<\/p>\n","protected":false},"author":1,"featured_media":0,"parent":1815,"menu_order":0,"comment_status":"closed","ping_status":"closed","template":"","meta":{"_kad_post_transparent":"","_kad_post_title":"","_kad_post_layout":"","_kad_post_sidebar_id":"","_kad_post_content_style":"","_kad_post_vertical_padding":"","_kad_post_feature":"","_kad_post_feature_position":"","_kad_post_header":false,"_kad_post_footer":false,"_kad_post_classname":"","footnotes":""},"class_list":["post-2882","page","type-page","status-publish","hentry"],"_links":{"self":[{"href":"https:\/\/footiqo.com\/es\/wp-json\/wp\/v2\/pages\/2882","targetHints":{"allow":["GET"]}}],"collection":[{"href":"https:\/\/footiqo.com\/es\/wp-json\/wp\/v2\/pages"}],"about":[{"href":"https:\/\/footiqo.com\/es\/wp-json\/wp\/v2\/types\/page"}],"author":[{"embeddable":true,"href":"https:\/\/footiqo.com\/es\/wp-json\/wp\/v2\/users\/1"}],"replies":[{"embeddable":true,"href":"https:\/\/footiqo.com\/es\/wp-json\/wp\/v2\/comments?post=2882"}],"version-history":[{"count":19,"href":"https:\/\/footiqo.com\/es\/wp-json\/wp\/v2\/pages\/2882\/revisions"}],"predecessor-version":[{"id":5018,"href":"https:\/\/footiqo.com\/es\/wp-json\/wp\/v2\/pages\/2882\/revisions\/5018"}],"up":[{"embeddable":true,"href":"https:\/\/footiqo.com\/es\/wp-json\/wp\/v2\/pages\/1815"}],"wp:attachment":[{"href":"https:\/\/footiqo.com\/es\/wp-json\/wp\/v2\/media?parent=2882"}],"curies":[{"name":"wp","href":"https:\/\/api.w.org\/{rel}","templated":true}]}}